{"id":93,"date":"2017-01-30T06:59:59","date_gmt":"2017-01-30T06:59:59","guid":{"rendered":"https:\/\/www.kihowa.de\/?page_id=93"},"modified":"2023-11-17T12:28:37","modified_gmt":"2023-11-17T12:28:37","slug":"holzprodukte","status":"publish","type":"page","link":"https:\/\/www.kihowa.de\/en\/wooden-products\/","title":{"rendered":"Wooden products"},"content":{"rendered":"<p><\/p>\n<p>[vc_row][vc_column][vc_column_text]<\/p>\n<h1>Individual wooden products &amp; goods<\/h1>\n<p>[\/vc_column_text][\/vc_column][\/vc_row][vc_row][vc_column]<div class=\"portfolio-box with-3-col\">\n\t<div class=\"portfolio-container\"><div class=\"work-post holzprodukte \">\n\t\t\t\t\t\t\t\t<div class=\"work-post-gal\"><img src=\"https:\/\/www.kihowa.de\/wp-content\/uploads\/2017\/01\/bannerbild-links-700x420.jpg\" class=\"attachment-slideshow size-slideshow wp-post-image\" alt=\"Holzprodukte - Kuckuckspfeifen\" decoding=\"async\" loading=\"lazy\" \/><div class=\"hover-box\">\n\t\t\t\t\t\t\t\t\t\t<a class=\"zoom\" href=\"https:\/\/www.kihowa.de\/wp-content\/uploads\/2017\/01\/bannerbild-links-700x403.jpg\"><\/a>\n\t\t\t\t\t\t\t\t\t\t<a class=\"page\" href=\"https:\/\/www.kihowa.de\/en\/portfolio\/cuckoo-pipes\/\"><\/a>\n\t\t\t\t\t\t\t\t\t<\/div>\n\t\t\t\t\t\t\t\t<\/div>\n\t\t\t\t\t\t\t\t<div class=\"work-post-content\">\n\t\t\t\t\t\t\t\t\t<a href=\"https:\/\/www.kihowa.de\/en\/portfolio\/cuckoo-pipes\/\"><h2>Cuckoo pipes<\/h2><\/a>\n\t\t\t\t\t\t\t\t\t<span>Category wood <\/span>\n\t\t\t\t\t\t\t\t<\/div>\n\t\t\t\t\t\t\t<\/div><div class=\"work-post holzprodukte \">\n\t\t\t\t\t\t\t\t<div class=\"work-post-gal\"><img src=\"https:\/\/www.kihowa.de\/wp-content\/uploads\/2017\/01\/kuckucksruf-6-700x420.jpeg\" class=\"attachment-slideshow size-slideshow wp-post-image\" alt=\"Holzprodukte - Kuckucksruf\" decoding=\"async\" loading=\"lazy\" \/><div class=\"hover-box\">\n\t\t\t\t\t\t\t\t\t\t<a class=\"zoom\" href=\"https:\/\/www.kihowa.de\/wp-content\/uploads\/2017\/01\/kuckucksruf-6-700x463.jpeg\"><\/a>\n\t\t\t\t\t\t\t\t\t\t<a class=\"page\" href=\"https:\/\/www.kihowa.de\/en\/portfolio\/cuckoo-call\/\"><\/a>\n\t\t\t\t\t\t\t\t\t<\/div>\n\t\t\t\t\t\t\t\t<\/div>\n\t\t\t\t\t\t\t\t<div class=\"work-post-content\">\n\t\t\t\t\t\t\t\t\t<a href=\"https:\/\/www.kihowa.de\/en\/portfolio\/cuckoo-call\/\"><h2>Cuckoo call<\/h2><\/a>\n\t\t\t\t\t\t\t\t\t<span>Category wood <\/span>\n\t\t\t\t\t\t\t\t<\/div>\n\t\t\t\t\t\t\t<\/div><div class=\"work-post holzprodukte \">\n\t\t\t\t\t\t\t\t<div class=\"work-post-gal\"><img src=\"https:\/\/www.kihowa.de\/wp-content\/uploads\/2017\/01\/Bannerbild-Mitte-700x420.jpg\" class=\"attachment-slideshow size-slideshow wp-post-image\" alt=\"Holzprodukte - Holzw\u00fcrfel\" decoding=\"async\" loading=\"lazy\" \/><div class=\"hover-box\">\n\t\t\t\t\t\t\t\t\t\t<a class=\"zoom\" href=\"https:\/\/www.kihowa.de\/wp-content\/uploads\/2017\/01\/Bannerbild-Mitte-700x479.jpg\"><\/a>\n\t\t\t\t\t\t\t\t\t\t<a class=\"page\" href=\"https:\/\/www.kihowa.de\/en\/portfolio\/wooden-cubes\/\"><\/a>\n\t\t\t\t\t\t\t\t\t<\/div>\n\t\t\t\t\t\t\t\t<\/div>\n\t\t\t\t\t\t\t\t<div class=\"work-post-content\">\n\t\t\t\t\t\t\t\t\t<a href=\"https:\/\/www.kihowa.de\/en\/portfolio\/wooden-cubes\/\"><h2>Wooden cubes<\/h2><\/a>\n\t\t\t\t\t\t\t\t\t<span>Category wood <\/span>\n\t\t\t\t\t\t\t\t<\/div>\n\t\t\t\t\t\t\t<\/div><div class=\"work-post holzprodukte \">\n\t\t\t\t\t\t\t\t<div class=\"work-post-gal\"><img src=\"https:\/\/www.kihowa.de\/wp-content\/uploads\/2017\/01\/Bild-f\u00fcr-Holzbesteck-700x420.jpg\" class=\"attachment-slideshow size-slideshow wp-post-image\" alt=\"Holzprodukte - Holzbesteck\" decoding=\"async\" loading=\"lazy\" \/><div class=\"hover-box\">\n\t\t\t\t\t\t\t\t\t\t<a class=\"zoom\" href=\"https:\/\/www.kihowa.de\/wp-content\/uploads\/2017\/01\/Bild-f\u00fcr-Holzbesteck-700x469.jpg\"><\/a>\n\t\t\t\t\t\t\t\t\t\t<a class=\"page\" href=\"https:\/\/www.kihowa.de\/en\/portfolio\/wooden-cutlery\/\"><\/a>\n\t\t\t\t\t\t\t\t\t<\/div>\n\t\t\t\t\t\t\t\t<\/div>\n\t\t\t\t\t\t\t\t<div class=\"work-post-content\">\n\t\t\t\t\t\t\t\t\t<a href=\"https:\/\/www.kihowa.de\/en\/portfolio\/wooden-cutlery\/\"><h2>Wooden cutlery<\/h2><\/a>\n\t\t\t\t\t\t\t\t\t<span>Category wood <\/span>\n\t\t\t\t\t\t\t\t<\/div>\n\t\t\t\t\t\t\t<\/div><div class=\"work-post kategorie-urnen \">\n\t\t\t\t\t\t\t\t<div class=\"work-post-gal\"><img src=\"https:\/\/www.kihowa.de\/wp-content\/uploads\/alle-700x420.jpg\" class=\"attachment-slideshow size-slideshow wp-post-image\" alt=\"\" decoding=\"async\" loading=\"lazy\" \/><div class=\"hover-box\">\n\t\t\t\t\t\t\t\t\t\t<a class=\"zoom\" href=\"https:\/\/www.kihowa.de\/wp-content\/uploads\/alle-700x392.jpg\"><\/a>\n\t\t\t\t\t\t\t\t\t\t<a class=\"page\" href=\"https:\/\/www.kihowa.de\/en\/portfolio\/animal-urns\/\"><\/a>\n\t\t\t\t\t\t\t\t\t<\/div>\n\t\t\t\t\t\t\t\t<\/div>\n\t\t\t\t\t\t\t\t<div class=\"work-post-content\">\n\t\t\t\t\t\t\t\t\t<a href=\"https:\/\/www.kihowa.de\/en\/portfolio\/animal-urns\/\"><h2>Animal urns<\/h2><\/a>\n\t\t\t\t\t\t\t\t\t<span>Category Urns <\/span>\n\t\t\t\t\t\t\t\t<\/div>\n\t\t\t\t\t\t\t<\/div>\n\t<\/div><!--Close Container-->\n\t<\/div><!--Close All-->[\/vc_column][\/vc_row][vc_row][vc_column][vc_column_text]<\/p>\n<h2>Ma\u00dfgefertigte Sockel, Aufsatzleisten sowie andere Erzeugnisse aus Holz<\/h2>\n<p>Als einziger Hersteller der originalen Schwarzw\u00e4lder Kuckuckspfeifen, k\u00f6nnen wir uns inzwischen auf eine fast 100 j\u00e4hrige Tradition berufen. Seit dem ersten Tag verfeinerten wir stetig die Produktion unserer Holzprodukte, um auch der wachsenden Vielfalt der Original Schwarzw\u00e4lder Kuckucksuhr entsprechend gerecht zu werden.<\/p>\n<p>Diese Erfahrung flie\u00dft daher t\u00e4glich in die Qualit\u00e4t unserer anderen Produkte ein. Es ist uns z.B. m\u00f6glich, pr\u00e4zise und sehr ma\u00dfgenaue Holzwaren f\u00fcr Sie anzufertigen. Alles Ihren individuellen Vorstellungen entsprechend. Unsere Produktpalette umfasst zum Beispiel Holzw\u00fcrfel, Spielw\u00fcrfel, Quader, Sockel oder auch Kl\u00f6tze.\u00a0 Weiterhin auch viele weitere Kleinteile aus Holz, mit verschiedenen Kantenbearbeitungen, wie z.B. gerundet, gefast, gebrochen oder gedrechselt.<\/p>\n<p>Alle unsere Produkte sind \u00fcberdies individuell gestaltbar. Wir bieten Oberfl\u00e4chen in roh, klar, lasiert und au\u00dferdem deckend lackiert an. Wir realisieren zudem gerne eine individuelle Gestaltung durch Tampondruck, Digitaldruck sowie dem klassischen Branding.<\/p>\n<p>Des weiteren stellen wir hochwertiges Einwegholzbesteck aus Buche her. Das Holzbesteck eignet sich durch ein individuelles Branding au\u00dferdem gut als Werbetr\u00e4ger auf Veranstaltungen. Durch unsere spezielle Fertigungsweise hat es zudem eine hohe Stabilit\u00e4t. Es ist darum auch besser f\u00fcr feste Lebensmittel, wie beispielsweise Steaks, geeignet. Es besitzt au\u00dferdem eine glatte und auch splitterfreie Oberfl\u00e4che.[\/vc_column_text][\/vc_column][\/vc_row]<\/p>\n<p><\/p>","protected":false},"excerpt":{"rendered":"<p>[vc_row][vc_column][vc_column_text] Individual wooden products &amp; goods [\/vc_column_text][\/vc_column][\/vc_row][vc_row][vc_column][\/vc_column][\/vc_row][vc_row][vc_column][vc_column_text] Ma\u00dfgefertigte Sockel, Aufsatzleisten sowie andere Erzeugnisse aus Holz Als einziger Hersteller der originalen Schwarzw\u00e4lder Kuckuckspfeifen, k\u00f6nnen wir uns inzwischen auf eine fast 100 j\u00e4hrige Tradition berufen. Seit dem ersten Tag verfeinerten wir stetig die Produktion unserer Holzprodukte, um auch der wachsenden Vielfalt der Original Schwarzw\u00e4lder Kuckucksuhr entsprechend gerecht [&#8230;]<\/p>\n","protected":false},"author":3,"featured_media":0,"parent":0,"menu_order":0,"comment_status":"closed","ping_status":"closed","template":"","meta":[],"acf":[],"yoast_head":"<!-- This site is optimized with the Yoast SEO plugin v19.11 - https:\/\/yoast.com\/wordpress\/plugins\/seo\/ -->\n<title>Individual wooden products &amp; wooden goods from Schonach<\/title>\n<meta name=\"description\" content=\"Wooden products from the family business in Schonach - Cuckoo pipes, customised plinths, top rails and other products made of wood\" \/>\n<meta name=\"robots\" content=\"index, follow, max-snippet:-1, max-image-preview:large, max-video-preview:-1\" \/>\n<link rel=\"canonical\" href=\"https:\/\/www.kihowa.de\/en\/holzprodukte\/\" \/>\n<meta property=\"og:locale\" content=\"en_US\" \/>\n<meta property=\"og:type\" content=\"article\" \/>\n<meta property=\"og:title\" content=\"Individual wooden products &amp; wooden goods from Schonach\" \/>\n<meta property=\"og:description\" content=\"Wooden products from the family business in Schonach - Cuckoo pipes, customised plinths, top rails and other products made of wood\" \/>\n<meta property=\"og:url\" content=\"https:\/\/www.kihowa.de\/en\/holzprodukte\/\" \/>\n<meta property=\"og:site_name\" content=\"Kienzler Holzwaren GmbH in Schonach\" \/>\n<meta property=\"article:modified_time\" content=\"2023-11-17T12:28:37+00:00\" \/>\n<meta name=\"twitter:card\" content=\"summary_large_image\" \/>\n<meta name=\"twitter:label1\" content=\"Est. reading time\" \/>\n\t<meta name=\"twitter:data1\" content=\"2 minutes\" \/>\n<script type=\"application\/ld+json\" class=\"yoast-schema-graph\">{\"@context\":\"https:\/\/schema.org\",\"@graph\":[{\"@type\":\"WebPage\",\"@id\":\"https:\/\/www.kihowa.de\/en\/holzprodukte\/\",\"url\":\"https:\/\/www.kihowa.de\/en\/holzprodukte\/\",\"name\":\"Individual wooden products & wooden goods from Schonach\",\"isPartOf\":{\"@id\":\"https:\/\/www.kihowa.de\/en\/#website\"},\"datePublished\":\"2017-01-30T06:59:59+00:00\",\"dateModified\":\"2023-11-17T12:28:37+00:00\",\"description\":\"Wooden products from the family business in Schonach - Cuckoo pipes, customised plinths, top rails and other products made of wood\",\"breadcrumb\":{\"@id\":\"https:\/\/www.kihowa.de\/en\/holzprodukte\/#breadcrumb\"},\"inLanguage\":\"en-US\",\"potentialAction\":[{\"@type\":\"ReadAction\",\"target\":[[\"https:\/\/www.kihowa.de\/en\/holzprodukte\/\"]]}]},{\"@type\":\"BreadcrumbList\",\"@id\":\"https:\/\/www.kihowa.de\/en\/holzprodukte\/#breadcrumb\",\"itemListElement\":[{\"@type\":\"ListItem\",\"position\":1,\"name\":\"Startseite\",\"item\":\"https:\/\/www.kihowa.de\/en\/\"},{\"@type\":\"ListItem\",\"position\":2,\"name\":\"Holzprodukte\"}]},{\"@type\":\"WebSite\",\"@id\":\"https:\/\/www.kihowa.de\/en\/#website\",\"url\":\"https:\/\/www.kihowa.de\/en\/\",\"name\":\"Kienzler Holzwaren GmbH in Schonach\",\"description\":\"Hochwertige Holzwaren vom Holzw\u00fcrfel bis zum Holzbesteck\",\"publisher\":{\"@id\":\"https:\/\/www.kihowa.de\/en\/#organization\"},\"potentialAction\":[{\"@type\":\"SearchAction\",\"target\":{\"@type\":\"EntryPoint\",\"urlTemplate\":\"https:\/\/www.kihowa.de\/en\/?s={search_term_string}\"},\"query-input\":\"required name=search_term_string\"}],\"inLanguage\":\"en-US\"},{\"@type\":\"Organization\",\"@id\":\"https:\/\/www.kihowa.de\/en\/#organization\",\"name\":\"Kienzler Holzwaren GmbH\",\"url\":\"https:\/\/www.kihowa.de\/en\/\",\"logo\":{\"@type\":\"ImageObject\",\"inLanguage\":\"en-US\",\"@id\":\"https:\/\/www.kihowa.de\/en\/#\/schema\/logo\/image\/\",\"url\":\"https:\/\/www.kihowa.de\/wp-content\/uploads\/2017\/01\/branding.png\",\"contentUrl\":\"https:\/\/www.kihowa.de\/wp-content\/uploads\/2017\/01\/branding.png\",\"width\":297,\"height\":104,\"caption\":\"Kienzler Holzwaren GmbH\"},\"image\":{\"@id\":\"https:\/\/www.kihowa.de\/en\/#\/schema\/logo\/image\/\"}}]}<\/script>\n<!-- \/ Yoast SEO plugin. -->","yoast_head_json":{"title":"Individual wooden products & wooden goods from Schonach","description":"Wooden products from the family business in Schonach - Cuckoo pipes, customised plinths, top rails and other products made of wood","robots":{"index":"index","follow":"follow","max-snippet":"max-snippet:-1","max-image-preview":"max-image-preview:large","max-video-preview":"max-video-preview:-1"},"canonical":"https:\/\/www.kihowa.de\/en\/holzprodukte\/","og_locale":"en_US","og_type":"article","og_title":"Individual wooden products & wooden goods from Schonach","og_description":"Wooden products from the family business in Schonach - Cuckoo pipes, customised plinths, top rails and other products made of wood","og_url":"https:\/\/www.kihowa.de\/en\/holzprodukte\/","og_site_name":"Kienzler Holzwaren GmbH in Schonach","article_modified_time":"2023-11-17T12:28:37+00:00","twitter_card":"summary_large_image","twitter_misc":{"Est. reading time":"2 minutes"},"schema":{"@context":"https:\/\/schema.org","@graph":[{"@type":"WebPage","@id":"https:\/\/www.kihowa.de\/en\/holzprodukte\/","url":"https:\/\/www.kihowa.de\/en\/holzprodukte\/","name":"Individual wooden products & wooden goods from Schonach","isPartOf":{"@id":"https:\/\/www.kihowa.de\/en\/#website"},"datePublished":"2017-01-30T06:59:59+00:00","dateModified":"2023-11-17T12:28:37+00:00","description":"Wooden products from the family business in Schonach - Cuckoo pipes, customised plinths, top rails and other products made of wood","breadcrumb":{"@id":"https:\/\/www.kihowa.de\/en\/holzprodukte\/#breadcrumb"},"inLanguage":"en-US","potentialAction":[{"@type":"ReadAction","target":[["https:\/\/www.kihowa.de\/en\/holzprodukte\/"]]}]},{"@type":"BreadcrumbList","@id":"https:\/\/www.kihowa.de\/en\/holzprodukte\/#breadcrumb","itemListElement":[{"@type":"ListItem","position":1,"name":"Startseite","item":"https:\/\/www.kihowa.de\/en\/"},{"@type":"ListItem","position":2,"name":"Holzprodukte"}]},{"@type":"WebSite","@id":"https:\/\/www.kihowa.de\/en\/#website","url":"https:\/\/www.kihowa.de\/en\/","name":"Kienzler Holzwaren GmbH in Schonach","description":"Hochwertige Holzwaren vom Holzw\u00fcrfel bis zum Holzbesteck","publisher":{"@id":"https:\/\/www.kihowa.de\/en\/#organization"},"potentialAction":[{"@type":"SearchAction","target":{"@type":"EntryPoint","urlTemplate":"https:\/\/www.kihowa.de\/en\/?s={search_term_string}"},"query-input":"required name=search_term_string"}],"inLanguage":"en-US"},{"@type":"Organization","@id":"https:\/\/www.kihowa.de\/en\/#organization","name":"Kienzler Holzwaren GmbH","url":"https:\/\/www.kihowa.de\/en\/","logo":{"@type":"ImageObject","inLanguage":"en-US","@id":"https:\/\/www.kihowa.de\/en\/#\/schema\/logo\/image\/","url":"https:\/\/www.kihowa.de\/wp-content\/uploads\/2017\/01\/branding.png","contentUrl":"https:\/\/www.kihowa.de\/wp-content\/uploads\/2017\/01\/branding.png","width":297,"height":104,"caption":"Kienzler Holzwaren GmbH"},"image":{"@id":"https:\/\/www.kihowa.de\/en\/#\/schema\/logo\/image\/"}}]}},"_links":{"self":[{"href":"https:\/\/www.kihowa.de\/en\/wp-json\/wp\/v2\/pages\/93"}],"collection":[{"href":"https:\/\/www.kihowa.de\/en\/wp-json\/wp\/v2\/pages"}],"about":[{"href":"https:\/\/www.kihowa.de\/en\/wp-json\/wp\/v2\/types\/page"}],"author":[{"embeddable":true,"href":"https:\/\/www.kihowa.de\/en\/wp-json\/wp\/v2\/users\/3"}],"replies":[{"embeddable":true,"href":"https:\/\/www.kihowa.de\/en\/wp-json\/wp\/v2\/comments?post=93"}],"version-history":[{"count":6,"href":"https:\/\/www.kihowa.de\/en\/wp-json\/wp\/v2\/pages\/93\/revisions"}],"predecessor-version":[{"id":1954,"href":"https:\/\/www.kihowa.de\/en\/wp-json\/wp\/v2\/pages\/93\/revisions\/1954"}],"wp:attachment":[{"href":"https:\/\/www.kihowa.de\/en\/wp-json\/wp\/v2\/media?parent=93"}],"curies":[{"name":"wp","href":"https:\/\/api.w.org\/{rel}","templated":true}]}}