{"id":1777,"date":"2023-10-30T20:46:52","date_gmt":"2023-10-30T20:46:52","guid":{"rendered":"https:\/\/www.kihowa.de\/de\/?post_type=product&#038;p=1777"},"modified":"2023-11-08T18:56:24","modified_gmt":"2023-11-08T18:56:24","slug":"pyramidenfoermige-urne","status":"publish","type":"product","link":"https:\/\/www.kihowa.de\/de\/produkt\/pyramidenfoermige-urne\/","title":{"rendered":"Pyramidenf\u00f6rmige Urne"},"content":{"rendered":"<p>Wir produzieren hochwertige Holzurnen, damit Sie Ihr geliebtes Haustier in wertvoller Erinnerung behalten k\u00f6nnen.<\/p>\n<p>Pyramidenf\u00f6rmige Urne:<\/p>\n<ul>\n<li>gefertigt aus MDF<\/li>\n<li>schlicht und elegant zugleich<\/li>\n<li>\u00d6ffnung befindet sich auf der Unterseite<\/li>\n<li>Ma\u00dfe: 200mm x 200mm x 180mm<\/li>\n<li>Volumen: 0,9 Liter<\/li>\n<\/ul>\n<p><\/p>","protected":false},"excerpt":{"rendered":"<p>Wir produzieren hochwertige Holzurnen, damit Sie Ihr geliebtes Haustier in wertvoller Erinnerung behalten k\u00f6nnen. Pyramidenf\u00f6rmige Urne: gefertigt aus MDF schlicht und elegant zugleich \u00d6ffnung befindet sich auf der Unterseite Ma\u00dfe: 200mm x 200mm x 180mm Volumen: 0,9 Liter<\/p>\n","protected":false},"featured_media":1778,"template":"","meta":[],"product_cat":[80],"product_tag":[],"acf":[],"yoast_head":"<!-- This site is optimized with the Yoast SEO plugin v19.11 - https:\/\/yoast.com\/wordpress\/plugins\/seo\/ -->\n<title>Pyramidenf\u00f6rmige Urne - Kienzler Holzwaren GmbH in Schonach<\/title>\n<meta name=\"robots\" content=\"index, follow, max-snippet:-1, max-image-preview:large, max-video-preview:-1\" \/>\n<link rel=\"canonical\" href=\"https:\/\/www.kihowa.de\/de\/produkt\/pyramidenfoermige-urne\/\" \/>\n<meta property=\"og:locale\" content=\"de_DE\" \/>\n<meta property=\"og:type\" content=\"article\" \/>\n<meta property=\"og:title\" content=\"Pyramidenf\u00f6rmige Urne - Kienzler Holzwaren GmbH in Schonach\" \/>\n<meta property=\"og:description\" content=\"Wir produzieren hochwertige Holzurnen, damit Sie Ihr geliebtes Haustier in wertvoller Erinnerung behalten k\u00f6nnen. Pyramidenf\u00f6rmige Urne: gefertigt aus MDF schlicht und elegant zugleich \u00d6ffnung befindet sich auf der Unterseite Ma\u00dfe: 200mm x 200mm x 180mm Volumen: 0,9 Liter\" \/>\n<meta property=\"og:url\" content=\"https:\/\/www.kihowa.de\/de\/produkt\/pyramidenfoermige-urne\/\" \/>\n<meta property=\"og:site_name\" content=\"Kienzler Holzwaren GmbH in Schonach\" \/>\n<meta property=\"article:modified_time\" content=\"2023-11-08T18:56:24+00:00\" \/>\n<meta property=\"og:image\" content=\"https:\/\/www.kihowa.de\/wp-content\/uploads\/alle.jpg\" \/>\n\t<meta property=\"og:image:width\" content=\"2400\" \/>\n\t<meta property=\"og:image:height\" content=\"1344\" \/>\n\t<meta property=\"og:image:type\" content=\"image\/jpeg\" \/>\n<meta name=\"twitter:card\" content=\"summary_large_image\" \/>\n<meta name=\"twitter:label1\" content=\"Gesch\u00e4tzte Lesezeit\" \/>\n\t<meta name=\"twitter:data1\" content=\"1 Minute\" \/>\n<script type=\"application\/ld+json\" class=\"yoast-schema-graph\">{\"@context\":\"https:\/\/schema.org\",\"@graph\":[{\"@type\":\"WebPage\",\"@id\":\"https:\/\/www.kihowa.de\/de\/produkt\/pyramidenfoermige-urne\/\",\"url\":\"https:\/\/www.kihowa.de\/de\/produkt\/pyramidenfoermige-urne\/\",\"name\":\"Pyramidenf\u00f6rmige Urne - Kienzler Holzwaren GmbH in Schonach\",\"isPartOf\":{\"@id\":\"https:\/\/www.kihowa.de\/de\/#website\"},\"datePublished\":\"2023-10-30T20:46:52+00:00\",\"dateModified\":\"2023-11-08T18:56:24+00:00\",\"breadcrumb\":{\"@id\":\"https:\/\/www.kihowa.de\/de\/produkt\/pyramidenfoermige-urne\/#breadcrumb\"},\"inLanguage\":\"de-DE\",\"potentialAction\":[{\"@type\":\"ReadAction\",\"target\":[[\"https:\/\/www.kihowa.de\/de\/produkt\/pyramidenfoermige-urne\/\"]]}]},{\"@type\":\"BreadcrumbList\",\"@id\":\"https:\/\/www.kihowa.de\/de\/produkt\/pyramidenfoermige-urne\/#breadcrumb\",\"itemListElement\":[{\"@type\":\"ListItem\",\"position\":1,\"name\":\"Startseite\",\"item\":\"https:\/\/www.kihowa.de\/de\/\"},{\"@type\":\"ListItem\",\"position\":2,\"name\":\"Pyramidenf\u00f6rmige Urne\"}]},{\"@type\":\"WebSite\",\"@id\":\"https:\/\/www.kihowa.de\/de\/#website\",\"url\":\"https:\/\/www.kihowa.de\/de\/\",\"name\":\"Kienzler Holzwaren GmbH in Schonach\",\"description\":\"Hochwertige Holzwaren vom Holzw\u00fcrfel bis zum Holzbesteck\",\"publisher\":{\"@id\":\"https:\/\/www.kihowa.de\/de\/#organization\"},\"potentialAction\":[{\"@type\":\"SearchAction\",\"target\":{\"@type\":\"EntryPoint\",\"urlTemplate\":\"https:\/\/www.kihowa.de\/de\/?s={search_term_string}\"},\"query-input\":\"required name=search_term_string\"}],\"inLanguage\":\"de-DE\"},{\"@type\":\"Organization\",\"@id\":\"https:\/\/www.kihowa.de\/de\/#organization\",\"name\":\"Kienzler Holzwaren GmbH\",\"url\":\"https:\/\/www.kihowa.de\/de\/\",\"logo\":{\"@type\":\"ImageObject\",\"inLanguage\":\"de-DE\",\"@id\":\"https:\/\/www.kihowa.de\/de\/#\/schema\/logo\/image\/\",\"url\":\"https:\/\/www.kihowa.de\/wp-content\/uploads\/2017\/01\/branding.png\",\"contentUrl\":\"https:\/\/www.kihowa.de\/wp-content\/uploads\/2017\/01\/branding.png\",\"width\":297,\"height\":104,\"caption\":\"Kienzler Holzwaren GmbH\"},\"image\":{\"@id\":\"https:\/\/www.kihowa.de\/de\/#\/schema\/logo\/image\/\"}}]}<\/script>\n<!-- \/ Yoast SEO plugin. -->","yoast_head_json":{"title":"Pyramidenf\u00f6rmige Urne - Kienzler Holzwaren GmbH in Schonach","robots":{"index":"index","follow":"follow","max-snippet":"max-snippet:-1","max-image-preview":"max-image-preview:large","max-video-preview":"max-video-preview:-1"},"canonical":"https:\/\/www.kihowa.de\/de\/produkt\/pyramidenfoermige-urne\/","og_locale":"de_DE","og_type":"article","og_title":"Pyramidenf\u00f6rmige Urne - Kienzler Holzwaren GmbH in Schonach","og_description":"Wir produzieren hochwertige Holzurnen, damit Sie Ihr geliebtes Haustier in wertvoller Erinnerung behalten k\u00f6nnen. Pyramidenf\u00f6rmige Urne: gefertigt aus MDF schlicht und elegant zugleich \u00d6ffnung befindet sich auf der Unterseite Ma\u00dfe: 200mm x 200mm x 180mm Volumen: 0,9 Liter","og_url":"https:\/\/www.kihowa.de\/de\/produkt\/pyramidenfoermige-urne\/","og_site_name":"Kienzler Holzwaren GmbH in Schonach","article_modified_time":"2023-11-08T18:56:24+00:00","og_image":[{"width":2400,"height":1344,"url":"https:\/\/www.kihowa.de\/wp-content\/uploads\/alle.jpg","type":"image\/jpeg"}],"twitter_card":"summary_large_image","twitter_misc":{"Gesch\u00e4tzte Lesezeit":"1 Minute"},"schema":{"@context":"https:\/\/schema.org","@graph":[{"@type":"WebPage","@id":"https:\/\/www.kihowa.de\/de\/produkt\/pyramidenfoermige-urne\/","url":"https:\/\/www.kihowa.de\/de\/produkt\/pyramidenfoermige-urne\/","name":"Pyramidenf\u00f6rmige Urne - Kienzler Holzwaren GmbH in Schonach","isPartOf":{"@id":"https:\/\/www.kihowa.de\/de\/#website"},"datePublished":"2023-10-30T20:46:52+00:00","dateModified":"2023-11-08T18:56:24+00:00","breadcrumb":{"@id":"https:\/\/www.kihowa.de\/de\/produkt\/pyramidenfoermige-urne\/#breadcrumb"},"inLanguage":"de-DE","potentialAction":[{"@type":"ReadAction","target":[["https:\/\/www.kihowa.de\/de\/produkt\/pyramidenfoermige-urne\/"]]}]},{"@type":"BreadcrumbList","@id":"https:\/\/www.kihowa.de\/de\/produkt\/pyramidenfoermige-urne\/#breadcrumb","itemListElement":[{"@type":"ListItem","position":1,"name":"Startseite","item":"https:\/\/www.kihowa.de\/de\/"},{"@type":"ListItem","position":2,"name":"Pyramidenf\u00f6rmige Urne"}]},{"@type":"WebSite","@id":"https:\/\/www.kihowa.de\/de\/#website","url":"https:\/\/www.kihowa.de\/de\/","name":"Kienzler Holzwaren GmbH in Schonach","description":"Hochwertige Holzwaren vom Holzw\u00fcrfel bis zum Holzbesteck","publisher":{"@id":"https:\/\/www.kihowa.de\/de\/#organization"},"potentialAction":[{"@type":"SearchAction","target":{"@type":"EntryPoint","urlTemplate":"https:\/\/www.kihowa.de\/de\/?s={search_term_string}"},"query-input":"required name=search_term_string"}],"inLanguage":"de-DE"},{"@type":"Organization","@id":"https:\/\/www.kihowa.de\/de\/#organization","name":"Kienzler Holzwaren GmbH","url":"https:\/\/www.kihowa.de\/de\/","logo":{"@type":"ImageObject","inLanguage":"de-DE","@id":"https:\/\/www.kihowa.de\/de\/#\/schema\/logo\/image\/","url":"https:\/\/www.kihowa.de\/wp-content\/uploads\/2017\/01\/branding.png","contentUrl":"https:\/\/www.kihowa.de\/wp-content\/uploads\/2017\/01\/branding.png","width":297,"height":104,"caption":"Kienzler Holzwaren GmbH"},"image":{"@id":"https:\/\/www.kihowa.de\/de\/#\/schema\/logo\/image\/"}}]}},"_links":{"self":[{"href":"https:\/\/www.kihowa.de\/de\/wp-json\/wp\/v2\/product\/1777"}],"collection":[{"href":"https:\/\/www.kihowa.de\/de\/wp-json\/wp\/v2\/product"}],"about":[{"href":"https:\/\/www.kihowa.de\/de\/wp-json\/wp\/v2\/types\/product"}],"wp:featuredmedia":[{"embeddable":true,"href":"https:\/\/www.kihowa.de\/de\/wp-json\/wp\/v2\/media\/1778"}],"wp:attachment":[{"href":"https:\/\/www.kihowa.de\/de\/wp-json\/wp\/v2\/media?parent=1777"}],"wp:term":[{"taxonomy":"product_cat","embeddable":true,"href":"https:\/\/www.kihowa.de\/de\/wp-json\/wp\/v2\/product_cat?post=1777"},{"taxonomy":"product_tag","embeddable":true,"href":"https:\/\/www.kihowa.de\/de\/wp-json\/wp\/v2\/product_tag?post=1777"}],"curies":[{"name":"wp","href":"https:\/\/api.w.org\/{rel}","templated":true}]}}