{"id":1210,"date":"2022-09-27T12:52:11","date_gmt":"2022-09-27T12:52:11","guid":{"rendered":"https:\/\/www.kihowa.de\/de\/?post_type=product&#038;p=1210"},"modified":"2023-11-08T18:43:20","modified_gmt":"2023-11-08T18:43:20","slug":"kuckuckspfeife-holz-mit-kunstoffkopf","status":"publish","type":"product","link":"https:\/\/www.kihowa.de\/de\/produkt\/kuckuckspfeife-holz-mit-kunststoffkopf\/","title":{"rendered":"Kuckuckspfeife (Holz mit Kunststoffkopf)"},"content":{"rendered":"<p><strong>Was zum Kuckuck?!<\/strong><br \/>\nSie sind bereits stolzer Besitzer einer Kuckucksuhr, jedoch hat der Kuckuck seine Stimme verloren? Dann sind Sie bei uns genau richtig, denn wir sind der original Hersteller der Schwarzw\u00e4lder Kuckuckspfeifen.<\/p>\n<p>W\u00e4hlen Sie hier die richtige Kuckuckspfeife aus:<\/p>\n<p>1.) Rohrl\u00e4nge (gemessen ohne Balg)<br \/>\n2.) Balggr\u00f6\u00dfe (BxL)<br \/>\n3.) Balgrichtung (Variante a, b, c, d)<br \/>\n4.) 1 Tages Werk (wird t\u00e4glich aufgezogen) oder 8 Tages Werk (wird w\u00f6chentlich\u00a0aufgezogen)<\/p>\n<p>geliefert wird immer als Paar (1 Paar = 2 St\u00fcck Pfeifen)<\/p>","protected":false},"excerpt":{"rendered":"<p>Was zum Kuckuck?! Sie sind bereits stolzer Besitzer einer Kuckucksuhr, jedoch hat der Kuckuck seine Stimme verloren? Dann sind Sie bei uns genau richtig, denn wir sind der original Hersteller der Schwarzw\u00e4lder Kuckuckspfeifen. W\u00e4hlen Sie hier die richtige Kuckuckspfeife aus: 1.) Rohrl\u00e4nge (gemessen ohne Balg) 2.) Balggr\u00f6\u00dfe (BxL) 3.) Balgrichtung (Variante a, b, c, d) [&#8230;]<\/p>\n","protected":false},"featured_media":1433,"template":"","meta":[],"product_cat":[58],"product_tag":[],"acf":[],"yoast_head":"<!-- This site is optimized with the Yoast SEO plugin v19.11 - https:\/\/yoast.com\/wordpress\/plugins\/seo\/ -->\n<title>Shop - Kuckuckspfeife - Holz mit Kunststoffkopf<\/title>\n<meta name=\"description\" content=\"W\u00e4hlen Sie hier die richtige Kuckuckspfeife aus\" \/>\n<meta name=\"robots\" content=\"index, follow, max-snippet:-1, max-image-preview:large, max-video-preview:-1\" \/>\n<link rel=\"canonical\" href=\"https:\/\/www.kihowa.de\/de\/produkt\/kuckuckspfeife-holz-mit-kunststoffkopf\/\" \/>\n<meta property=\"og:locale\" content=\"de_DE\" \/>\n<meta property=\"og:type\" content=\"article\" \/>\n<meta property=\"og:title\" content=\"Shop - Kuckuckspfeife - Holz mit Kunststoffkopf\" \/>\n<meta property=\"og:description\" content=\"W\u00e4hlen Sie hier die richtige Kuckuckspfeife aus\" \/>\n<meta property=\"og:url\" content=\"https:\/\/www.kihowa.de\/de\/produkt\/kuckuckspfeife-holz-mit-kunststoffkopf\/\" \/>\n<meta property=\"og:site_name\" content=\"Kienzler Holzwaren GmbH in Schonach\" \/>\n<meta property=\"article:modified_time\" content=\"2023-11-08T18:43:20+00:00\" \/>\n<meta property=\"og:image\" content=\"https:\/\/www.kihowa.de\/wp-content\/uploads\/Collage-Kunststoff.jpeg\" \/>\n\t<meta property=\"og:image:width\" content=\"2048\" \/>\n\t<meta property=\"og:image:height\" content=\"2048\" \/>\n\t<meta property=\"og:image:type\" content=\"image\/jpeg\" \/>\n<meta name=\"twitter:card\" content=\"summary_large_image\" \/>\n<meta name=\"twitter:label1\" content=\"Gesch\u00e4tzte Lesezeit\" \/>\n\t<meta name=\"twitter:data1\" content=\"1 Minute\" \/>\n<script type=\"application\/ld+json\" class=\"yoast-schema-graph\">{\"@context\":\"https:\/\/schema.org\",\"@graph\":[{\"@type\":\"WebPage\",\"@id\":\"https:\/\/www.kihowa.de\/de\/produkt\/kuckuckspfeife-holz-mit-kunststoffkopf\/\",\"url\":\"https:\/\/www.kihowa.de\/de\/produkt\/kuckuckspfeife-holz-mit-kunststoffkopf\/\",\"name\":\"Shop - Kuckuckspfeife - Holz mit Kunststoffkopf\",\"isPartOf\":{\"@id\":\"https:\/\/www.kihowa.de\/de\/#website\"},\"datePublished\":\"2022-09-27T12:52:11+00:00\",\"dateModified\":\"2023-11-08T18:43:20+00:00\",\"description\":\"W\u00e4hlen Sie hier die richtige Kuckuckspfeife aus\",\"breadcrumb\":{\"@id\":\"https:\/\/www.kihowa.de\/de\/produkt\/kuckuckspfeife-holz-mit-kunststoffkopf\/#breadcrumb\"},\"inLanguage\":\"de-DE\",\"potentialAction\":[{\"@type\":\"ReadAction\",\"target\":[[\"https:\/\/www.kihowa.de\/de\/produkt\/kuckuckspfeife-holz-mit-kunststoffkopf\/\"]]}]},{\"@type\":\"BreadcrumbList\",\"@id\":\"https:\/\/www.kihowa.de\/de\/produkt\/kuckuckspfeife-holz-mit-kunststoffkopf\/#breadcrumb\",\"itemListElement\":[{\"@type\":\"ListItem\",\"position\":1,\"name\":\"Startseite\",\"item\":\"https:\/\/www.kihowa.de\/de\/\"},{\"@type\":\"ListItem\",\"position\":2,\"name\":\"Kuckuckspfeife (Holz mit Kunststoffkopf)\"}]},{\"@type\":\"WebSite\",\"@id\":\"https:\/\/www.kihowa.de\/de\/#website\",\"url\":\"https:\/\/www.kihowa.de\/de\/\",\"name\":\"Kienzler Holzwaren GmbH in Schonach\",\"description\":\"Hochwertige Holzwaren vom Holzw\u00fcrfel bis zum Holzbesteck\",\"publisher\":{\"@id\":\"https:\/\/www.kihowa.de\/de\/#organization\"},\"potentialAction\":[{\"@type\":\"SearchAction\",\"target\":{\"@type\":\"EntryPoint\",\"urlTemplate\":\"https:\/\/www.kihowa.de\/de\/?s={search_term_string}\"},\"query-input\":\"required name=search_term_string\"}],\"inLanguage\":\"de-DE\"},{\"@type\":\"Organization\",\"@id\":\"https:\/\/www.kihowa.de\/de\/#organization\",\"name\":\"Kienzler Holzwaren GmbH\",\"url\":\"https:\/\/www.kihowa.de\/de\/\",\"logo\":{\"@type\":\"ImageObject\",\"inLanguage\":\"de-DE\",\"@id\":\"https:\/\/www.kihowa.de\/de\/#\/schema\/logo\/image\/\",\"url\":\"https:\/\/www.kihowa.de\/wp-content\/uploads\/2017\/01\/branding.png\",\"contentUrl\":\"https:\/\/www.kihowa.de\/wp-content\/uploads\/2017\/01\/branding.png\",\"width\":297,\"height\":104,\"caption\":\"Kienzler Holzwaren GmbH\"},\"image\":{\"@id\":\"https:\/\/www.kihowa.de\/de\/#\/schema\/logo\/image\/\"}}]}<\/script>\n<!-- \/ Yoast SEO plugin. -->","yoast_head_json":{"title":"Shop - Kuckuckspfeife - Holz mit Kunststoffkopf","description":"W\u00e4hlen Sie hier die richtige Kuckuckspfeife aus","robots":{"index":"index","follow":"follow","max-snippet":"max-snippet:-1","max-image-preview":"max-image-preview:large","max-video-preview":"max-video-preview:-1"},"canonical":"https:\/\/www.kihowa.de\/de\/produkt\/kuckuckspfeife-holz-mit-kunststoffkopf\/","og_locale":"de_DE","og_type":"article","og_title":"Shop - Kuckuckspfeife - Holz mit Kunststoffkopf","og_description":"W\u00e4hlen Sie hier die richtige Kuckuckspfeife aus","og_url":"https:\/\/www.kihowa.de\/de\/produkt\/kuckuckspfeife-holz-mit-kunststoffkopf\/","og_site_name":"Kienzler Holzwaren GmbH in Schonach","article_modified_time":"2023-11-08T18:43:20+00:00","og_image":[{"width":2048,"height":2048,"url":"https:\/\/www.kihowa.de\/wp-content\/uploads\/Collage-Kunststoff.jpeg","type":"image\/jpeg"}],"twitter_card":"summary_large_image","twitter_misc":{"Gesch\u00e4tzte Lesezeit":"1 Minute"},"schema":{"@context":"https:\/\/schema.org","@graph":[{"@type":"WebPage","@id":"https:\/\/www.kihowa.de\/de\/produkt\/kuckuckspfeife-holz-mit-kunststoffkopf\/","url":"https:\/\/www.kihowa.de\/de\/produkt\/kuckuckspfeife-holz-mit-kunststoffkopf\/","name":"Shop - Kuckuckspfeife - Holz mit Kunststoffkopf","isPartOf":{"@id":"https:\/\/www.kihowa.de\/de\/#website"},"datePublished":"2022-09-27T12:52:11+00:00","dateModified":"2023-11-08T18:43:20+00:00","description":"W\u00e4hlen Sie hier die richtige Kuckuckspfeife aus","breadcrumb":{"@id":"https:\/\/www.kihowa.de\/de\/produkt\/kuckuckspfeife-holz-mit-kunststoffkopf\/#breadcrumb"},"inLanguage":"de-DE","potentialAction":[{"@type":"ReadAction","target":[["https:\/\/www.kihowa.de\/de\/produkt\/kuckuckspfeife-holz-mit-kunststoffkopf\/"]]}]},{"@type":"BreadcrumbList","@id":"https:\/\/www.kihowa.de\/de\/produkt\/kuckuckspfeife-holz-mit-kunststoffkopf\/#breadcrumb","itemListElement":[{"@type":"ListItem","position":1,"name":"Startseite","item":"https:\/\/www.kihowa.de\/de\/"},{"@type":"ListItem","position":2,"name":"Kuckuckspfeife (Holz mit Kunststoffkopf)"}]},{"@type":"WebSite","@id":"https:\/\/www.kihowa.de\/de\/#website","url":"https:\/\/www.kihowa.de\/de\/","name":"Kienzler Holzwaren GmbH in Schonach","description":"Hochwertige Holzwaren vom Holzw\u00fcrfel bis zum Holzbesteck","publisher":{"@id":"https:\/\/www.kihowa.de\/de\/#organization"},"potentialAction":[{"@type":"SearchAction","target":{"@type":"EntryPoint","urlTemplate":"https:\/\/www.kihowa.de\/de\/?s={search_term_string}"},"query-input":"required name=search_term_string"}],"inLanguage":"de-DE"},{"@type":"Organization","@id":"https:\/\/www.kihowa.de\/de\/#organization","name":"Kienzler Holzwaren GmbH","url":"https:\/\/www.kihowa.de\/de\/","logo":{"@type":"ImageObject","inLanguage":"de-DE","@id":"https:\/\/www.kihowa.de\/de\/#\/schema\/logo\/image\/","url":"https:\/\/www.kihowa.de\/wp-content\/uploads\/2017\/01\/branding.png","contentUrl":"https:\/\/www.kihowa.de\/wp-content\/uploads\/2017\/01\/branding.png","width":297,"height":104,"caption":"Kienzler Holzwaren GmbH"},"image":{"@id":"https:\/\/www.kihowa.de\/de\/#\/schema\/logo\/image\/"}}]}},"_links":{"self":[{"href":"https:\/\/www.kihowa.de\/de\/wp-json\/wp\/v2\/product\/1210"}],"collection":[{"href":"https:\/\/www.kihowa.de\/de\/wp-json\/wp\/v2\/product"}],"about":[{"href":"https:\/\/www.kihowa.de\/de\/wp-json\/wp\/v2\/types\/product"}],"wp:featuredmedia":[{"embeddable":true,"href":"https:\/\/www.kihowa.de\/de\/wp-json\/wp\/v2\/media\/1433"}],"wp:attachment":[{"href":"https:\/\/www.kihowa.de\/de\/wp-json\/wp\/v2\/media?parent=1210"}],"wp:term":[{"taxonomy":"product_cat","embeddable":true,"href":"https:\/\/www.kihowa.de\/de\/wp-json\/wp\/v2\/product_cat?post=1210"},{"taxonomy":"product_tag","embeddable":true,"href":"https:\/\/www.kihowa.de\/de\/wp-json\/wp\/v2\/product_tag?post=1210"}],"curies":[{"name":"wp","href":"https:\/\/api.w.org\/{rel}","templated":true}]}}